{"id":172,"date":"2017-02-17T14:50:21","date_gmt":"2017-02-17T13:50:21","guid":{"rendered":"https:\/\/kellerwiehl.de\/?page_id=172\/"},"modified":"2017-03-16T12:33:54","modified_gmt":"2017-03-16T11:33:54","slug":"routebeschrijving","status":"publish","type":"page","link":"https:\/\/kellerwiehl.de\/nl\/routebeschrijving\/","title":{"rendered":"Routebeschrijving"},"content":{"rendered":"<p>Ons adres is:<\/p>\n<p>Kellerwiehl 1,\u00a039517 Tangerh\u00fctte<\/p>\n<ul>\n<li>Vanaf Stendal\/Tangerm\u00fcnde richting B\u00f6lsdorf, dan Buch, Jerchel en Grieben. Vanaf Grieben is de camping aangegeven.<\/li>\n<li>U kunt ook het veerboot Ferchlandf\u00e4hre namen (vanaf Genthin aangegeven)<\/li>\n<li>Of (als u met een grote camper komt) rijd u de B107 tot Tangerm\u00fcnde. Dan richting, B\u00f6lsdorf, Buch, Jerchel en Grieben. Vanaf Grieben is de camping aangegeven.<\/li>\n<li>Vanaf Magdeburg Zentrum rijdt u op de B189 richting Stendal tot Dolle, daarna rechts af richting Tangerh\u00fctte. Dan richting Grieben (Ferchlandf\u00e4hre is ook aangegeven). Vanaf Grieben de borden volgen.<\/li>\n<\/ul>\n<p>De camping ligt tussen Bittkau en Grieben.<\/p>\n<p>Heeft u de camping al op Google Earth gespot?<br \/>\nHoe doet u dat: zoek in Google na \u00a0`Google earth\u00b4, installeer het programma, dan kunt u in Google Earth zoeken naar \u00b4Kellerwiehl\u00b4 en u vind satellietfoto&#8217;s van de camping!<\/p>\n<p>Breedte: 52 Graad 25 minuten 31,46 (N)<br \/>\nLengte: 11 Graad 57 minuten 28,74 (E)<\/p>\n","protected":false},"excerpt":{"rendered":"<p>Ons adres is: Kellerwiehl 1,\u00a039517 Tangerh\u00fctte Vanaf Stendal\/Tangerm\u00fcnde richting B\u00f6lsdorf, dan Buch, Jerchel en Grieben. Vanaf Grieben is de camping aangegeven. U kunt ook het veerboot Ferchlandf\u00e4hre namen (vanaf Genthin&#8230;<\/p>\n","protected":false},"author":1,"featured_media":0,"parent":0,"menu_order":0,"comment_status":"closed","ping_status":"closed","template":"contact.php","meta":{"_acf_changed":false,"footnotes":""},"class_list":["post-172","page","type-page","status-publish"],"acf":[],"yoast_head":"<!-- This site is optimized with the Yoast SEO plugin v27.5 - https:\/\/yoast.com\/product\/yoast-seo-wordpress\/ -->\n<title>Routebeschrijving - Family Camp Kellerwiehl<\/title>\n<meta name=\"robots\" content=\"index, follow, max-snippet:-1, max-image-preview:large, max-video-preview:-1\" \/>\n<link rel=\"canonical\" href=\"https:\/\/kellerwiehl.de\/nl\/routebeschrijving\/\" \/>\n<meta property=\"og:locale\" content=\"nl_NL\" \/>\n<meta property=\"og:type\" content=\"article\" \/>\n<meta property=\"og:title\" content=\"Routebeschrijving - Family Camp Kellerwiehl\" \/>\n<meta property=\"og:description\" content=\"Ons adres is: Kellerwiehl 1,\u00a039517 Tangerh\u00fctte Vanaf Stendal\/Tangerm\u00fcnde richting B\u00f6lsdorf, dan Buch, Jerchel en Grieben. Vanaf Grieben is de camping aangegeven. U kunt ook het veerboot Ferchlandf\u00e4hre namen (vanaf Genthin...\" \/>\n<meta property=\"og:url\" content=\"https:\/\/kellerwiehl.de\/nl\/routebeschrijving\/\" \/>\n<meta property=\"og:site_name\" content=\"Family Camp Kellerwiehl\" \/>\n<meta property=\"article:publisher\" content=\"https:\/\/www.facebook.com\/Kellerwiehl\/\" \/>\n<meta property=\"article:modified_time\" content=\"2017-03-16T11:33:54+00:00\" \/>\n<meta name=\"twitter:card\" content=\"summary_large_image\" \/>\n<meta name=\"twitter:label1\" content=\"Geschatte leestijd\" \/>\n\t<meta name=\"twitter:data1\" content=\"1 minuut\" \/>\n<script type=\"application\/ld+json\" class=\"yoast-schema-graph\">{\"@context\":\"https:\\\/\\\/schema.org\",\"@graph\":[{\"@type\":\"WebPage\",\"@id\":\"https:\\\/\\\/kellerwiehl.de\\\/nl\\\/routebeschrijving\\\/\",\"url\":\"https:\\\/\\\/kellerwiehl.de\\\/nl\\\/routebeschrijving\\\/\",\"name\":\"Routebeschrijving - Family Camp Kellerwiehl\",\"isPartOf\":{\"@id\":\"https:\\\/\\\/kellerwiehl.de\\\/#website\"},\"datePublished\":\"2017-02-17T13:50:21+00:00\",\"dateModified\":\"2017-03-16T11:33:54+00:00\",\"breadcrumb\":{\"@id\":\"https:\\\/\\\/kellerwiehl.de\\\/nl\\\/routebeschrijving\\\/#breadcrumb\"},\"inLanguage\":\"nl-NL\",\"potentialAction\":[{\"@type\":\"ReadAction\",\"target\":[\"https:\\\/\\\/kellerwiehl.de\\\/nl\\\/routebeschrijving\\\/\"]}]},{\"@type\":\"BreadcrumbList\",\"@id\":\"https:\\\/\\\/kellerwiehl.de\\\/nl\\\/routebeschrijving\\\/#breadcrumb\",\"itemListElement\":[{\"@type\":\"ListItem\",\"position\":1,\"name\":\"Startseite\",\"item\":\"https:\\\/\\\/kellerwiehl.de\\\/nl\\\/\"},{\"@type\":\"ListItem\",\"position\":2,\"name\":\"Routebeschrijving\"}]},{\"@type\":\"WebSite\",\"@id\":\"https:\\\/\\\/kellerwiehl.de\\\/#website\",\"url\":\"https:\\\/\\\/kellerwiehl.de\\\/\",\"name\":\"Family Camp Kellerwiehl\",\"description\":\"Eine weitere WordPress-Website\",\"potentialAction\":[{\"@type\":\"SearchAction\",\"target\":{\"@type\":\"EntryPoint\",\"urlTemplate\":\"https:\\\/\\\/kellerwiehl.de\\\/?s={search_term_string}\"},\"query-input\":{\"@type\":\"PropertyValueSpecification\",\"valueRequired\":true,\"valueName\":\"search_term_string\"}}],\"inLanguage\":\"nl-NL\"}]}<\/script>\n<!-- \/ Yoast SEO plugin. -->","yoast_head_json":{"title":"Routebeschrijving - Family Camp Kellerwiehl","robots":{"index":"index","follow":"follow","max-snippet":"max-snippet:-1","max-image-preview":"max-image-preview:large","max-video-preview":"max-video-preview:-1"},"canonical":"https:\/\/kellerwiehl.de\/nl\/routebeschrijving\/","og_locale":"nl_NL","og_type":"article","og_title":"Routebeschrijving - Family Camp Kellerwiehl","og_description":"Ons adres is: Kellerwiehl 1,\u00a039517 Tangerh\u00fctte Vanaf Stendal\/Tangerm\u00fcnde richting B\u00f6lsdorf, dan Buch, Jerchel en Grieben. Vanaf Grieben is de camping aangegeven. U kunt ook het veerboot Ferchlandf\u00e4hre namen (vanaf Genthin...","og_url":"https:\/\/kellerwiehl.de\/nl\/routebeschrijving\/","og_site_name":"Family Camp Kellerwiehl","article_publisher":"https:\/\/www.facebook.com\/Kellerwiehl\/","article_modified_time":"2017-03-16T11:33:54+00:00","twitter_card":"summary_large_image","twitter_misc":{"Geschatte leestijd":"1 minuut"},"schema":{"@context":"https:\/\/schema.org","@graph":[{"@type":"WebPage","@id":"https:\/\/kellerwiehl.de\/nl\/routebeschrijving\/","url":"https:\/\/kellerwiehl.de\/nl\/routebeschrijving\/","name":"Routebeschrijving - Family Camp Kellerwiehl","isPartOf":{"@id":"https:\/\/kellerwiehl.de\/#website"},"datePublished":"2017-02-17T13:50:21+00:00","dateModified":"2017-03-16T11:33:54+00:00","breadcrumb":{"@id":"https:\/\/kellerwiehl.de\/nl\/routebeschrijving\/#breadcrumb"},"inLanguage":"nl-NL","potentialAction":[{"@type":"ReadAction","target":["https:\/\/kellerwiehl.de\/nl\/routebeschrijving\/"]}]},{"@type":"BreadcrumbList","@id":"https:\/\/kellerwiehl.de\/nl\/routebeschrijving\/#breadcrumb","itemListElement":[{"@type":"ListItem","position":1,"name":"Startseite","item":"https:\/\/kellerwiehl.de\/nl\/"},{"@type":"ListItem","position":2,"name":"Routebeschrijving"}]},{"@type":"WebSite","@id":"https:\/\/kellerwiehl.de\/#website","url":"https:\/\/kellerwiehl.de\/","name":"Family Camp Kellerwiehl","description":"Eine weitere WordPress-Website","potentialAction":[{"@type":"SearchAction","target":{"@type":"EntryPoint","urlTemplate":"https:\/\/kellerwiehl.de\/?s={search_term_string}"},"query-input":{"@type":"PropertyValueSpecification","valueRequired":true,"valueName":"search_term_string"}}],"inLanguage":"nl-NL"}]}},"_links":{"self":[{"href":"https:\/\/kellerwiehl.de\/nl\/wp-json\/wp\/v2\/pages\/172","targetHints":{"allow":["GET"]}}],"collection":[{"href":"https:\/\/kellerwiehl.de\/nl\/wp-json\/wp\/v2\/pages"}],"about":[{"href":"https:\/\/kellerwiehl.de\/nl\/wp-json\/wp\/v2\/types\/page"}],"author":[{"embeddable":true,"href":"https:\/\/kellerwiehl.de\/nl\/wp-json\/wp\/v2\/users\/1"}],"replies":[{"embeddable":true,"href":"https:\/\/kellerwiehl.de\/nl\/wp-json\/wp\/v2\/comments?post=172"}],"version-history":[{"count":4,"href":"https:\/\/kellerwiehl.de\/nl\/wp-json\/wp\/v2\/pages\/172\/revisions"}],"predecessor-version":[{"id":229,"href":"https:\/\/kellerwiehl.de\/nl\/wp-json\/wp\/v2\/pages\/172\/revisions\/229"}],"wp:attachment":[{"href":"https:\/\/kellerwiehl.de\/nl\/wp-json\/wp\/v2\/media?parent=172"}],"curies":[{"name":"wp","href":"https:\/\/api.w.org\/{rel}","templated":true}]}}